{"id":9500,"date":"2025-12-12T00:24:47","date_gmt":"2025-12-12T03:24:47","guid":{"rendered":"https:\/\/consorciopromove.com.br\/promove\/?page_id=9500"},"modified":"2025-12-12T00:24:47","modified_gmt":"2025-12-12T03:24:47","slug":"consorcio-de-imovel","status":"publish","type":"page","link":"https:\/\/consorciopromove.com.br\/promove\/consorcio-de-imovel\/","title":{"rendered":"Cons\u00f3rcio de Im\u00f3vel"},"content":{"rendered":"<div class=\"wpb-content-wrapper\"><p>[vc_row content_placement=&#8221;middle&#8221; css=&#8221;.vc_custom_1765504195283{margin-top: 50px !important;}&#8221;][vc_column width=&#8221;1\/2&#8243;][vc_single_image image=&#8221;9475&#8243; img_size=&#8221;full&#8221; css=&#8221;&#8221;][\/vc_column][vc_column width=&#8221;1\/2&#8243;]<header class=\"kd-section-title col-lg-12 text-left    \" ><h2 class=\"separator_off\" style=\"font-size: 28px;\">O caminho seguro para conquistar seu lar!<\/h2><\/header>[vc_column_text css=&#8221;&#8221;]Com o cons\u00f3rcio de im\u00f3vel, voc\u00ea planeja a compra da casa, apartamento ou terreno dos seus sonhos sem pagar juros. \u00c9 uma forma acess\u00edvel e organizada de investir no futuro, com parcelas que cabem no seu or\u00e7amento e a liberdade de escolher o im\u00f3vel ideal no momento da contempla\u00e7\u00e3o.[\/vc_column_text][\/vc_column][\/vc_row][vc_row full_width=&#8221;stretch_row&#8221; css=&#8221;.vc_custom_1765509647205{border-top-width: 0px !important;padding-top: 100px !important;padding-bottom: 120px !important;background-color: #FFFFFF !important;background-position: center !important;background-repeat: no-repeat !important;background-size: cover !important;border-color: #e5e7f2 !important;}&#8221;][vc_column][vc_row_inner][vc_column_inner width=&#8221;1\/4&#8243;][\/vc_column_inner][vc_column_inner width=&#8221;1\/2&#8243;][vc_empty_space height=&#8221;25px&#8221;]<header class=\"kd-section-title col-lg-12 text-center    \" ><h3 class=\"separator_off\" style=\"font-size: 28px;\">Benef\u00edcios que fazem a diferen\u00e7a<\/h3><\/header>[\/vc_column_inner][vc_column_inner width=&#8221;1\/4&#8243;][\/vc_column_inner][\/vc_row_inner][vc_row_inner gap=&#8221;10&#8243; css=&#8221;.vc_custom_1765509385195{padding-top: 60px !important;}&#8221;][vc_column_inner width=&#8221;1\/4&#8243;][vc_single_image image=&#8221;9489&#8243; img_size=&#8221;100&#215;100&#8243; alignment=&#8221;center&#8221; css=&#8221;&#8221;][vc_empty_space height=&#8221;10px&#8221;]<header class=\"kd-section-title col-lg-12 text-center    \" ><h2 class=\"separator_off\" style=\"font-size: 18px;\">Sem juros<\/h2><\/header>[vc_column_text css=&#8221;&#8221;]<\/p>\n<p style=\"text-align: justify\">Pagamentos mensais com taxa de administra\u00e7\u00e3o, sem a cobran\u00e7a de juros compostos.<\/p>\n<p>[\/vc_column_text][\/vc_column_inner][vc_column_inner width=&#8221;1\/4&#8243;][vc_single_image image=&#8221;9490&#8243; img_size=&#8221;100&#215;100&#8243; alignment=&#8221;center&#8221; css=&#8221;&#8221;][vc_empty_space height=&#8221;10px&#8221;]<header class=\"kd-section-title col-lg-12 text-center    \" ><h2 class=\"separator_off\" style=\"font-size: 18px;\">Planejamento do or\u00e7amento<\/h2><\/header>[vc_column_text css=&#8221;&#8221;]<\/p>\n<p style=\"text-align: justify\">Parcelas que cabem no bolso e adequa\u00e7\u00e3o do cr\u00e9dito ao seu momento.<\/p>\n<p>[\/vc_column_text][\/vc_column_inner][vc_column_inner width=&#8221;1\/4&#8243;][vc_single_image image=&#8221;9491&#8243; img_size=&#8221;100&#215;100&#8243; alignment=&#8221;center&#8221; css=&#8221;&#8221;][vc_empty_space height=&#8221;10px&#8221;]<header class=\"kd-section-title col-lg-12 text-center    \" ><h2 class=\"separator_off\" style=\"font-size: 18px;\">Sorteio e lance<\/h2><\/header>[vc_column_text css=&#8221;&#8221;]<\/p>\n<p style=\"text-align: justify\">Mais chances de antecipar a contempla\u00e7\u00e3o com lances livres ou embutidos.<\/p>\n<p>[\/vc_column_text][\/vc_column_inner][vc_column_inner width=&#8221;1\/4&#8243;][vc_single_image image=&#8221;9492&#8243; img_size=&#8221;100&#215;100&#8243; alignment=&#8221;center&#8221; css=&#8221;&#8221;][vc_empty_space height=&#8221;10px&#8221;]<header class=\"kd-section-title col-lg-12 text-center    \" ><h2 class=\"separator_off\" style=\"font-size: 18px;\">Menos burocracia<\/h2><\/header>[vc_column_text css=&#8221;&#8221;]<\/p>\n<p style=\"text-align: justify\">Processo simples, sem a press\u00e3o de financiamento tradicional.<\/p>\n<p>[\/vc_column_text][\/vc_column_inner][\/vc_row_inner][\/vc_column][\/vc_row][vc_row full_width=&#8221;stretch_row&#8221; css=&#8221;.vc_custom_1765509115457{margin-top: 15px !important;}&#8221;][vc_column][vc_row_inner css=&#8221;.vc_custom_1516645814693{padding-top: 40px !important;padding-bottom: 60px !important;}&#8221;][vc_column_inner width=&#8221;1\/4&#8243;][\/vc_column_inner][vc_column_inner width=&#8221;1\/2&#8243;][vc_custom_heading text=&#8221;Aproveite agora mesmo, clique no bot\u00e3o abaixo e fa\u00e7a j\u00e1 sua simula\u00e7\u00e3o!&#8221; font_container=&#8221;tag:h3|text_align:center&#8221; use_theme_fonts=&#8221;yes&#8221; css=&#8221;.vc_custom_1744070230845{margin-bottom: 35px !important;}&#8221;]<a  href=\"#popmake-6527\"  target=\"_self\"  title=\"\" class=\"tt_button    button-center  \" ><span class=\"prim_text\">Fazer simula\u00e7\u00e3o.<\/span><span class=\" iconita\"><\/span><\/a>[\/vc_column_inner][vc_column_inner width=&#8221;1\/4&#8243;][\/vc_column_inner][\/vc_row_inner][\/vc_column][\/vc_row]<\/p>\n<\/div>","protected":false},"excerpt":{"rendered":"<p>[vc_row content_placement=&#8221;middle&#8221; css=&#8221;.vc_custom_1765504195283{margin-top: 50px !important;}&#8221;][vc_column width=&#8221;1\/2&#8243;][vc_single_image image=&#8221;9475&#8243; img_size=&#8221;full&#8221; css=&#8221;&#8221;][\/vc_column][vc_column width=&#8221;1\/2&#8243;][vc_column_text css=&#8221;&#8221;]Com o cons\u00f3rcio de im\u00f3vel, voc\u00ea planeja a compra da casa, apartamento ou terreno dos seus sonhos [&hellip;]<\/p>\n","protected":false},"author":1,"featured_media":0,"parent":0,"menu_order":0,"comment_status":"closed","ping_status":"closed","template":"","meta":{"footnotes":""},"class_list":["post-9500","page","type-page","status-publish","hentry"],"_links":{"self":[{"href":"https:\/\/consorciopromove.com.br\/promove\/wp-json\/wp\/v2\/pages\/9500","targetHints":{"allow":["GET"]}}],"collection":[{"href":"https:\/\/consorciopromove.com.br\/promove\/wp-json\/wp\/v2\/pages"}],"about":[{"href":"https:\/\/consorciopromove.com.br\/promove\/wp-json\/wp\/v2\/types\/page"}],"author":[{"embeddable":true,"href":"https:\/\/consorciopromove.com.br\/promove\/wp-json\/wp\/v2\/users\/1"}],"replies":[{"embeddable":true,"href":"https:\/\/consorciopromove.com.br\/promove\/wp-json\/wp\/v2\/comments?post=9500"}],"version-history":[{"count":2,"href":"https:\/\/consorciopromove.com.br\/promove\/wp-json\/wp\/v2\/pages\/9500\/revisions"}],"predecessor-version":[{"id":9502,"href":"https:\/\/consorciopromove.com.br\/promove\/wp-json\/wp\/v2\/pages\/9500\/revisions\/9502"}],"wp:attachment":[{"href":"https:\/\/consorciopromove.com.br\/promove\/wp-json\/wp\/v2\/media?parent=9500"}],"curies":[{"name":"wp","href":"https:\/\/api.w.org\/{rel}","templated":true}]}}