{"id":6235,"date":"2018-01-22T11:20:54","date_gmt":"2018-01-22T11:20:54","guid":{"rendered":"https:\/\/keydesign-themes.com\/leadengine\/?page_id=6235"},"modified":"2025-04-07T20:57:56","modified_gmt":"2025-04-07T23:57:56","slug":"o-que-e-o-consorcio","status":"publish","type":"page","link":"https:\/\/consorciopromove.com.br\/promove\/o-que-e-o-consorcio\/","title":{"rendered":"O que \u00e9 o Cons\u00f3rcio"},"content":{"rendered":"<div class=\"wpb-content-wrapper\"><p>[vc_row][vc_column width=&#8221;1\/2&#8243;][vc_empty_space height=&#8221;50px&#8221;][vc_single_image image=&#8221;6551&#8243; img_size=&#8221;full&#8221; css=&#8221;&#8221;][\/vc_column][vc_column width=&#8221;1\/2&#8243;][vc_empty_space height=&#8221;50px&#8221;][vc_column_text css=&#8221;&#8221;]O Cons\u00f3rcio \u00e9 uma modalidade de compra planejada, uma forma de poupan\u00e7a em grupo para adquirir bens ou servi\u00e7os. Mensalmente, os participantes contribuem com um valor para formar um fundo comum. Todos os meses, um ou mais participantes s\u00e3o contemplados por sorteio ou lance, recebendo uma carta de cr\u00e9dito para realizar a compra desejada.<\/p>\n<p>Ao contr\u00e1rio do financiamento, o cons\u00f3rcio n\u00e3o possui juros, apenas uma taxa de administra\u00e7\u00e3o. \u00c9 uma alternativa vantajosa para quem n\u00e3o tem pressa em adquirir o bem, buscando uma op\u00e7\u00e3o mais econ\u00f4mica. Pode ser utilizado para comprar im\u00f3veis, ve\u00edculos, servi\u00e7os, e at\u00e9 mesmo formar uma reserva de emerg\u00eancia.<\/p>\n<p>A contempla\u00e7\u00e3o pode ocorrer a qualquer momento durante o ciclo do cons\u00f3rcio, dependendo da sorte ou da sua oferta de lance. Se n\u00e3o for contemplado ao final do per\u00edodo, o participante recebe de volta todo o valor pago, corrigido.<\/p>\n<p>O Cons\u00f3rcio \u00e9 regulamentado pelo Banco Central do Brasil, o que garante maior seguran\u00e7a aos participantes. Em resumo, o Cons\u00f3rcio \u00e9 uma forma inteligente e planejada de realizar seus sonhos de consumo![\/vc_column_text][\/vc_column][\/vc_row][vc_row full_width=&#8221;stretch_row&#8221; css=&#8221;.vc_custom_1516969804409{border-top-width: 1px !important;padding-top: 100px !important;padding-bottom: 120px !important;background-color: #f7f9fb !important;background-position: center !important;background-repeat: no-repeat !important;background-size: cover !important;border-top-color: #e5e7f2 !important;border-top-style: solid !important;}&#8221;][vc_column][vc_row_inner][vc_column_inner width=&#8221;1\/4&#8243;][\/vc_column_inner][vc_column_inner width=&#8221;1\/2&#8243;][vc_empty_space height=&#8221;25px&#8221;]<header class=\"kd-section-title col-lg-12 text-center    \" ><h1 class=\"separator_off\" >Veja como \u00e9 simples<\/h1><\/header>[\/vc_column_inner][vc_column_inner width=&#8221;1\/4&#8243;][\/vc_column_inner][\/vc_row_inner][vc_row_inner css=&#8221;.vc_custom_1513705144894{padding-top: 60px !important;}&#8221;][vc_column_inner]\r\n            <div class=\"kd-process-steps process_four_elem process-checkbox-template \">\r\n                <ul>\r\n                <li class=\"pss-item\" >\r\n                    <div class=\"pss-container  \" ><div class=\"pss-step-number\"><span >1<\/span><\/div><div class=\"pss-text-area\">\r\n                            <h4 >Escolha o Plano Ideal<\/h4>\r\n                            <p >Analise as op\u00e7\u00f5es dispon\u00edveis considerando o valor do cr\u00e9dito, o prazo e as taxas de administra\u00e7\u00e3o. Selecione o plano que melhor se encaixa no seu or\u00e7amento e nas suas necessidades para realizar seu sonho.<\/p><\/div>\r\n                    <\/div>\r\n                <\/li>\r\n                <li class=\"pss-item\" >\r\n                    <div class=\"pss-container  \" ><div class=\"pss-step-number\"><span >2<\/span><\/div><div class=\"pss-text-area\">\r\n                            <h4 >Ades\u00e3o e Pagamento Mensal<\/h4>\r\n                            <p >Ap\u00f3s a escolha, formalize sua ades\u00e3o ao cons\u00f3rcio e mantenha as parcelas em dia. O pagamento regular \u00e9 fundamental para participar dos sorteios e ter a chance de ofertar lances.<\/p><\/div>\r\n                    <\/div>\r\n                <\/li>\r\n                <li class=\"pss-item\" >\r\n                    <div class=\"pss-container  \" ><div class=\"pss-step-number\"><span >3<\/span><\/div><div class=\"pss-text-area\">\r\n                            <h4 >Sorteios e Lances<\/h4>\r\n                            <p >Acompanhe os sorteios mensais e, se tiver condi\u00e7\u00f5es, ofere\u00e7a um lance para antecipar a contempla\u00e7\u00e3o. Lances mais altos t\u00eam maior chance de serem vencedores, permitindo que voc\u00ea receba a carta de cr\u00e9dito mais rapidamente.<\/p><\/div>\r\n                    <\/div>\r\n                <\/li>\r\n                <li class=\"pss-item\" >\r\n                    <div class=\"pss-container  \" ><div class=\"pss-step-number\"><span >4<\/span><\/div><div class=\"pss-text-area\">\r\n                            <h4 >Contempla\u00e7\u00e3o e Realiza\u00e7\u00e3o<\/h4>\r\n                            <p >Ao ser contemplado, seja por sorteio ou lance, voc\u00ea recebe a carta de cr\u00e9dito e pode finalmente realizar seu sonho! Utilize o valor para adquirir o bem ou servi\u00e7o desejado, de acordo com as regras do cons\u00f3rcio.<\/p><\/div>\r\n                    <\/div>\r\n                <\/li><\/ul>\r\n            <\/div>[\/vc_column_inner][\/vc_row_inner][\/vc_column][\/vc_row][vc_row full_width=&#8221;stretch_row&#8221;][vc_column][vc_row_inner css=&#8221;.vc_custom_1516645814693{padding-top: 40px !important;padding-bottom: 60px !important;}&#8221;][vc_column_inner width=&#8221;1\/4&#8243;][\/vc_column_inner][vc_column_inner width=&#8221;1\/2&#8243;][vc_empty_space height=&#8221;15px&#8221;][vc_custom_heading text=&#8221;Aproveite agora mesmo, clique no bot\u00e3o abaixo e fa\u00e7a j\u00e1 sua simula\u00e7\u00e3o!&#8221; font_container=&#8221;tag:h3|text_align:center&#8221; use_theme_fonts=&#8221;yes&#8221; css=&#8221;.vc_custom_1744070230845{margin-bottom: 35px !important;}&#8221;]<a  href=\"#popmake-6527\"  target=\"_self\"  title=\"\" class=\"tt_button    button-center  \" ><span class=\"prim_text\">Fazer simula\u00e7\u00e3o.<\/span><span class=\" iconita\"><\/span><\/a>[\/vc_column_inner][vc_column_inner width=&#8221;1\/4&#8243;][\/vc_column_inner][\/vc_row_inner][\/vc_column][\/vc_row]<\/p>\n<\/div>","protected":false},"excerpt":{"rendered":"<p>[vc_row][vc_column width=&#8221;1\/2&#8243;][vc_empty_space height=&#8221;50px&#8221;][vc_single_image image=&#8221;6551&#8243; img_size=&#8221;full&#8221; css=&#8221;&#8221;][\/vc_column][vc_column width=&#8221;1\/2&#8243;][vc_empty_space height=&#8221;50px&#8221;][vc_column_text css=&#8221;&#8221;]O Cons\u00f3rcio \u00e9 uma modalidade de compra planejada, uma forma de poupan\u00e7a em grupo para adquirir bens ou servi\u00e7os. [&hellip;]<\/p>\n","protected":false},"author":1,"featured_media":0,"parent":0,"menu_order":0,"comment_status":"closed","ping_status":"closed","template":"","meta":{"footnotes":""},"class_list":["post-6235","page","type-page","status-publish","hentry"],"_links":{"self":[{"href":"https:\/\/consorciopromove.com.br\/promove\/wp-json\/wp\/v2\/pages\/6235","targetHints":{"allow":["GET"]}}],"collection":[{"href":"https:\/\/consorciopromove.com.br\/promove\/wp-json\/wp\/v2\/pages"}],"about":[{"href":"https:\/\/consorciopromove.com.br\/promove\/wp-json\/wp\/v2\/types\/page"}],"author":[{"embeddable":true,"href":"https:\/\/consorciopromove.com.br\/promove\/wp-json\/wp\/v2\/users\/1"}],"replies":[{"embeddable":true,"href":"https:\/\/consorciopromove.com.br\/promove\/wp-json\/wp\/v2\/comments?post=6235"}],"version-history":[{"count":0,"href":"https:\/\/consorciopromove.com.br\/promove\/wp-json\/wp\/v2\/pages\/6235\/revisions"}],"wp:attachment":[{"href":"https:\/\/consorciopromove.com.br\/promove\/wp-json\/wp\/v2\/media?parent=6235"}],"curies":[{"name":"wp","href":"https:\/\/api.w.org\/{rel}","templated":true}]}}