{"id":6233,"date":"2018-01-22T11:20:40","date_gmt":"2018-01-22T11:20:40","guid":{"rendered":"https:\/\/keydesign-themes.com\/leadengine\/?page_id=6233"},"modified":"2025-04-07T23:18:16","modified_gmt":"2025-04-08T02:18:16","slug":"recursos-nao-procurados","status":"publish","type":"page","link":"https:\/\/consorciopromove.com.br\/promove\/recursos-nao-procurados\/","title":{"rendered":"Recursos n\u00e3o procurados"},"content":{"rendered":"<div class=\"wpb-content-wrapper\"><p>[vc_row full_width=&#8221;stretch_row&#8221;][vc_column][vc_row_inner css=&#8221;.vc_custom_1516645254997{padding-bottom: 60px !important;}&#8221;][vc_column_inner width=&#8221;1\/4&#8243;][\/vc_column_inner][vc_column_inner width=&#8221;1\/2&#8243;][vc_empty_space height=&#8221;15px&#8221;][vc_custom_heading text=&#8221;Canal para Consulta de Cr\u00e9ditos Dispon\u00edveis<br \/>\nGRUPOS ENCERRADOS<br \/>\nEste canal \u00e9 destinado \u00e0 consulta de cr\u00e9ditos dispon\u00edveis e ainda n\u00e3o resgatados por consorciados participantes de grupos encerrados.<\/p>\n<p>De acordo com as Circulares 3.432\/2009 e 3.618\/2012 do BACEN, os grupos abaixo foram encerrados e ainda possuem recursos n\u00e3o reclamados por consorciados e\/ou participantes exclu\u00eddos. Clique no bot\u00e3o para consultar.&#8221; font_container=&#8221;tag:h3|text_align:center&#8221; use_theme_fonts=&#8221;yes&#8221; css=&#8221;.vc_custom_1744077878868{margin-bottom: 35px !important;}&#8221;]<a href=\"https:\/\/promove.movidesk.com\/form\/7798\/\" target=\"_blank\" title=\"\" class=\"tt_button    button-center  \" rel=\"noopener\"><span class=\"prim_text\">Consulte Aqui<\/span><span class=\" iconita\"><\/span><\/a>[\/vc_column_inner][vc_column_inner width=&#8221;1\/4&#8243;][\/vc_column_inner][\/vc_row_inner][vc_row_inner css=&#8221;.vc_custom_1516645254997{padding-bottom: 60px !important;}&#8221;][vc_column_inner width=&#8221;1\/4&#8243;][\/vc_column_inner][vc_column_inner width=&#8221;1\/2&#8243;][vc_empty_space height=&#8221;15px&#8221;][vc_wp_text]<\/p>\n<table>\n<thead>\n<tr>\n<th>Grupo<\/th>\n<th>Data<\/th>\n<th>Grupo<\/th>\n<th>Data<\/th>\n<th>Grupo<\/th>\n<th>Data<\/th>\n<\/tr>\n<\/thead>\n<tbody>\n<tr>\n<td>Grupo 119<\/td>\n<td>20\/04\/2005<\/td>\n<td>Grupo 82<\/td>\n<td>17\/02\/2007<\/td>\n<td>Grupo 156<\/td>\n<td>20\/03\/2008<\/td>\n<\/tr>\n<tr>\n<td>Grupo 120<\/td>\n<td>17\/04\/2006<\/td>\n<td>Grupo 83<\/td>\n<td>17\/04\/2006<\/td>\n<td>Grupo 157<\/td>\n<td>19\/06\/2008<\/td>\n<\/tr>\n<tr>\n<td>Grupo 121<\/td>\n<td>17\/04\/2006<\/td>\n<td>Grupo 84<\/td>\n<td>17\/04\/2006<\/td>\n<td>Grupo 158<\/td>\n<td>30\/09\/2008<\/td>\n<\/tr>\n<tr>\n<td>Grupo 122<\/td>\n<td>17\/04\/2006<\/td>\n<td>Grupo 85<\/td>\n<td>17\/02\/1998<\/td>\n<td>Grupo 159<\/td>\n<td>21\/11\/2008<\/td>\n<\/tr>\n<tr>\n<td>Grupo 123<\/td>\n<td>17\/04\/2006<\/td>\n<td>Grupo 86<\/td>\n<td>17\/04\/2006<\/td>\n<td>Grupo 160<\/td>\n<td>23\/03\/2009<\/td>\n<\/tr>\n<tr>\n<td>Grupo 124<\/td>\n<td>17\/04\/2006<\/td>\n<td>Grupo 87<\/td>\n<td>17\/02\/1998<\/td>\n<td>Grupo 161<\/td>\n<td>22\/05\/2009<\/td>\n<\/tr>\n<tr>\n<td>Grupo 125<\/td>\n<td>17\/04\/2006<\/td>\n<td>Grupo 88<\/td>\n<td>19\/07\/2000<\/td>\n<td>Grupo 162<\/td>\n<td>23\/07\/2009<\/td>\n<\/tr>\n<tr>\n<td>Grupo 126<\/td>\n<td>17\/04\/2006<\/td>\n<td>Grupo 89<\/td>\n<td>19\/03\/1999<\/td>\n<td>Grupo 163<\/td>\n<td>22\/10\/2008<\/td>\n<\/tr>\n<tr>\n<td>Grupo 127<\/td>\n<td>17\/04\/2006<\/td>\n<td>Grupo 90<\/td>\n<td>17\/04\/2006<\/td>\n<td>Grupo 164<\/td>\n<td>21\/01\/2010<\/td>\n<\/tr>\n<tr>\n<td>Grupo 128<\/td>\n<td>22\/05\/2003<\/td>\n<td>Grupo 91<\/td>\n<td>19\/07\/2000<\/td>\n<td>Grupo 165<\/td>\n<td>22\/02\/2010<\/td>\n<\/tr>\n<tr>\n<td>Grupo 129<\/td>\n<td>17\/04\/2006<\/td>\n<td>Grupo 92<\/td>\n<td>19\/07\/2000<\/td>\n<td>Grupo 166<\/td>\n<td>20\/05\/2010<\/td>\n<\/tr>\n<tr>\n<td>Grupo 130<\/td>\n<td>17\/04\/2006<\/td>\n<td>Grupo 93<\/td>\n<td>18\/10\/2001<\/td>\n<td>Grupo 167<\/td>\n<td>21\/07\/2010<\/td>\n<\/tr>\n<tr>\n<td>Grupo 131<\/td>\n<td>17\/04\/2006<\/td>\n<td>Grupo 94<\/td>\n<td>17\/04\/2006<\/td>\n<td>Grupo 168<\/td>\n<td>21\/10\/2010<\/td>\n<\/tr>\n<tr>\n<td>Grupo 132<\/td>\n<td>17\/04\/2006<\/td>\n<td>Grupo 95<\/td>\n<td>17\/04\/2006<\/td>\n<td>Grupo 169<\/td>\n<td>20\/01\/2011<\/td>\n<\/tr>\n<tr>\n<td>Grupo 133<\/td>\n<td>17\/04\/2006<\/td>\n<td>Grupo 96<\/td>\n<td>19\/07\/2000<\/td>\n<td>Grupo 170<\/td>\n<td>22\/07\/2011<\/td>\n<\/tr>\n<tr>\n<td>Grupo 134<\/td>\n<td>17\/04\/2006<\/td>\n<td>Grupo 97<\/td>\n<td>19\/07\/2000<\/td>\n<td>Grupo 171<\/td>\n<td>22\/12\/2011<\/td>\n<\/tr>\n<tr>\n<td>Grupo 135<\/td>\n<td>17\/04\/2006<\/td>\n<td>Grupo 98<\/td>\n<td>17\/04\/2006<\/td>\n<td>Grupo 172<\/td>\n<td>20\/04\/2012<\/td>\n<\/tr>\n<tr>\n<td>Grupo 136<\/td>\n<td>17\/04\/2006<\/td>\n<td>Grupo 99<\/td>\n<td>16\/03\/1998<\/td>\n<td>Grupo 173<\/td>\n<td>23\/10\/2012<\/td>\n<\/tr>\n<tr>\n<td>Grupo 137<\/td>\n<td>17\/04\/2006<\/td>\n<td>Grupo 100<\/td>\n<td>18\/10\/2001<\/td>\n<td>Grupo 174<\/td>\n<td>21\/05\/2013<\/td>\n<\/tr>\n<tr>\n<td>Grupo 138<\/td>\n<td>17\/04\/2006<\/td>\n<td>Grupo 101<\/td>\n<td>17\/02\/1998<\/td>\n<td>Grupo 175<\/td>\n<td>23\/01\/2014<\/td>\n<\/tr>\n<tr>\n<td>Grupo 139<\/td>\n<td>17\/04\/2006<\/td>\n<td>Grupo 102<\/td>\n<td>15\/06\/2005<\/td>\n<td>Grupo 176<\/td>\n<td>25\/06\/2014<\/td>\n<\/tr>\n<tr>\n<td>Grupo 140<\/td>\n<td>17\/04\/2006<\/td>\n<td>Grupo 103<\/td>\n<td>17\/04\/2006<\/td>\n<td>Grupo 177<\/td>\n<td>24\/10\/2014<\/td>\n<\/tr>\n<tr>\n<td>Grupo 141<\/td>\n<td>23\/05\/2006<\/td>\n<td>Grupo 104<\/td>\n<td>17\/04\/2006<\/td>\n<td>Grupo 178<\/td>\n<td>25\/11\/2014<\/td>\n<\/tr>\n<tr>\n<td>Grupo 142<\/td>\n<td>22\/07\/2006<\/td>\n<td>Grupo 105<\/td>\n<td>17\/04\/2006<\/td>\n<td>Grupo 179<\/td>\n<td>28\/04\/2015<\/td>\n<\/tr>\n<tr>\n<td>Grupo 143<\/td>\n<td>01\/09\/2006<\/td>\n<td>Grupo 106<\/td>\n<td>15\/08\/2005<\/td>\n<td>Grupo 180<\/td>\n<td>27\/04\/2015<\/td>\n<\/tr>\n<tr>\n<td>Grupo 144<\/td>\n<td>20\/10\/2006<\/td>\n<td>Grupo 107<\/td>\n<td>20\/11\/2000<\/td>\n<td>Grupo 181<\/td>\n<td>20\/10\/2006<\/td>\n<\/tr>\n<tr>\n<td>Grupo 145<\/td>\n<td>21\/11\/2006<\/td>\n<td>Grupo 108<\/td>\n<td>17\/02\/1998<\/td>\n<td>Grupo 182<\/td>\n<td>25\/09\/2015<\/td>\n<\/tr>\n<tr>\n<td>Grupo 146<\/td>\n<td>18\/01\/2007<\/td>\n<td>Grupo 109<\/td>\n<td>19\/07\/2000<\/td>\n<td>Grupo 183<\/td>\n<td>23\/12\/2015<\/td>\n<\/tr>\n<tr>\n<td>Grupo 147<\/td>\n<td>21\/02\/2007<\/td>\n<td>Grupo 110<\/td>\n<td>17\/02\/1998<\/td>\n<td>Grupo 184<\/td>\n<td>26\/04\/2016<\/td>\n<\/tr>\n<tr>\n<td>Grupo 148<\/td>\n<td>26\/03\/2007<\/td>\n<td>Grupo 111<\/td>\n<td>17\/04\/2006<\/td>\n<td>Grupo 185<\/td>\n<td>25\/01\/2017<\/td>\n<\/tr>\n<tr>\n<td>Grupo 149<\/td>\n<td>23\/04\/2007<\/td>\n<td>Grupo 112<\/td>\n<td>17\/02\/1998<\/td>\n<td>Grupo 186<\/td>\n<td>24\/04\/2017<\/td>\n<\/tr>\n<tr>\n<td>Grupo 150<\/td>\n<td>19\/05\/2007<\/td>\n<td>Grupo 113<\/td>\n<td>17\/02\/1998<\/td>\n<td>Grupo 187<\/td>\n<td>27\/08\/2018<\/td>\n<\/tr>\n<tr>\n<td>Grupo 151<\/td>\n<td>20\/06\/2007<\/td>\n<td>Grupo 114<\/td>\n<td>20\/02\/2003<\/td>\n<td>Grupo 188<\/td>\n<td>27\/02\/2020<\/td>\n<\/tr>\n<tr>\n<td>Grupo 152<\/td>\n<td>16\/07\/2007<\/td>\n<td>Grupo 115<\/td>\n<td>18\/10\/2001<\/td>\n<td>Grupo 189<\/td>\n<td>27\/09\/2021<\/td>\n<\/tr>\n<tr>\n<td>Grupo 153<\/td>\n<td>25\/10\/2007<\/td>\n<td>Grupo 116<\/td>\n<td>17\/04\/2006<\/td>\n<td>Grupo 190<\/td>\n<td>26\/01\/2022<\/td>\n<\/tr>\n<tr>\n<td>Grupo 154<\/td>\n<td>22\/11\/2007<\/td>\n<td>Grupo 117<\/td>\n<td>17\/04\/2006<\/td>\n<td>Grupo 191<\/td>\n<td>03\/04\/2023<\/td>\n<\/tr>\n<tr>\n<td>Grupo 155<\/td>\n<td>21\/01\/2008<\/td>\n<td>Grupo 118<\/td>\n<td>17\/04\/2006<\/td>\n<td>Grupo 192<\/td>\n<td>05\/02\/2024<\/td>\n<\/tr>\n<\/tbody>\n<\/table>\n<p>[\/vc_wp_text][\/vc_column_inner][vc_column_inner width=&#8221;1\/4&#8243;][\/vc_column_inner][\/vc_row_inner][\/vc_column][\/vc_row][vc_row][vc_column width=&#8221;1\/3&#8243; css=&#8221;.vc_custom_1515752309734{padding-right: 0px !important;padding-left: 0px !important;}&#8221;][\/vc_column][vc_column width=&#8221;1\/3&#8243;][\/vc_column][vc_column width=&#8221;1\/3&#8243;][\/vc_column][\/vc_row]<\/p>\n<\/div>","protected":false},"excerpt":{"rendered":"<p>[vc_row full_width=&#8221;stretch_row&#8221;][vc_column][vc_row_inner css=&#8221;.vc_custom_1516645254997{padding-bottom: 60px !important;}&#8221;][vc_column_inner width=&#8221;1\/4&#8243;][\/vc_column_inner][vc_column_inner width=&#8221;1\/2&#8243;][vc_empty_space height=&#8221;15px&#8221;][vc_custom_heading text=&#8221;Canal para Consulta de Cr\u00e9ditos Dispon\u00edveis GRUPOS ENCERRADOS Este canal \u00e9 destinado \u00e0 consulta de cr\u00e9ditos dispon\u00edveis e ainda [&hellip;]<\/p>\n","protected":false},"author":1,"featured_media":0,"parent":0,"menu_order":0,"comment_status":"closed","ping_status":"closed","template":"","meta":{"footnotes":""},"class_list":["post-6233","page","type-page","status-publish","hentry"],"_links":{"self":[{"href":"https:\/\/consorciopromove.com.br\/promove\/wp-json\/wp\/v2\/pages\/6233","targetHints":{"allow":["GET"]}}],"collection":[{"href":"https:\/\/consorciopromove.com.br\/promove\/wp-json\/wp\/v2\/pages"}],"about":[{"href":"https:\/\/consorciopromove.com.br\/promove\/wp-json\/wp\/v2\/types\/page"}],"author":[{"embeddable":true,"href":"https:\/\/consorciopromove.com.br\/promove\/wp-json\/wp\/v2\/users\/1"}],"replies":[{"embeddable":true,"href":"https:\/\/consorciopromove.com.br\/promove\/wp-json\/wp\/v2\/comments?post=6233"}],"version-history":[{"count":0,"href":"https:\/\/consorciopromove.com.br\/promove\/wp-json\/wp\/v2\/pages\/6233\/revisions"}],"wp:attachment":[{"href":"https:\/\/consorciopromove.com.br\/promove\/wp-json\/wp\/v2\/media?parent=6233"}],"curies":[{"name":"wp","href":"https:\/\/api.w.org\/{rel}","templated":true}]}}