{"id":6174,"date":"2018-01-22T10:29:29","date_gmt":"2018-01-22T10:29:29","guid":{"rendered":"https:\/\/keydesign-themes.com\/leadengine\/?page_id=6174"},"modified":"2025-04-07T23:30:11","modified_gmt":"2025-04-08T02:30:11","slug":"quem-somos","status":"publish","type":"page","link":"https:\/\/consorciopromove.com.br\/promove\/quem-somos\/","title":{"rendered":"Quem Somos"},"content":{"rendered":"<div class=\"wpb-content-wrapper\"><p>[vc_row css=&#8221;.vc_custom_1516628929938{padding-top: 50px !important;padding-bottom: 100px !important;}&#8221;][vc_column]<header class=\"kd-section-title vc_col-lg-6 vc_col-sm-8 text-center    \" ><h2 class=\"separator_off\" >Realizando sonhos desde 1967<\/h2><h6 class=\"subtitle \" >A Promove foi fundada em 20 de fevereiro de 1967 no estado da Para\u00edba e hoje \u00e9 uma das mais tradicionais administradoras de cons\u00f3rcios do Brasil.<\/h6><\/header>[vc_row_inner css=&#8221;.vc_custom_1516103909934{margin-top: 40px !important;margin-bottom: 60px !important;}&#8221;][vc_column_inner css=&#8221;.vc_custom_1516103868726{padding-right: 0px !important;padding-left: 0px !important;}&#8221;][vc_single_image image=&#8221;6506&#8243; img_size=&#8221;full&#8221; css=&#8221;&#8221;][vc_empty_space][\/vc_column_inner][\/vc_row_inner][vc_row_inner][vc_column_inner width=&#8221;1\/3&#8243;]<div class=\"key-icon-box icon-default icon-left cont-left\" style=\"background-color: transparent; \" ><i class=\"iconsmind-Gear fa\" style=\" \"><\/i> <h6 class=\"service-heading\" >Nossa Miss\u00e3o<\/h6><p >\u201cSer a melhor administradora de cons\u00f3rcios, proporcionando servi\u00e7os de excel\u00eancia e qualidade, tendo por objetivo a maior satisfa\u00e7\u00e3o dos nossos clientes.\u201d<\/p><\/div>[\/vc_column_inner][vc_column_inner width=&#8221;1\/3&#8243;]<div class=\"key-icon-box icon-default icon-left cont-left\" style=\"background-color: transparent; \" ><i class=\"iconsmind-Eye-Visible fa\" style=\" \"><\/i> <h6 class=\"service-heading\" >Nossa Vis\u00e3o<\/h6><p >O Cons\u00f3rcio Promove assume a miss\u00e3o de participar de forma ativa na realiza\u00e7\u00e3o de sonhos e na aquisi\u00e7\u00e3o de bens m\u00f3veis e im\u00f3veis para constru\u00e7\u00e3o de patrim\u00f4nio.<\/p><\/div>[\/vc_column_inner][vc_column_inner width=&#8221;1\/3&#8243;]<div class=\"key-icon-box icon-default icon-left cont-left\" style=\"background-color: transparent; \" ><i class=\"iconsmind-Diamond fa\" style=\" \"><\/i> <h6 class=\"service-heading\" >Nossos Valores<\/h6><p >Transpar\u00eancia \/ Credibilidade \/ Integridade \/ Confian\u00e7a \/ Respeito \/ Prosperidade<\/p><\/div>[\/vc_column_inner][\/vc_row_inner][vc_empty_space height=&#8221;64px&#8221;]<div class=\"kd-timeline timeline-align-zigzag\">\r\n      \t\t\t\t<div class=\"timeline-line\" >\r\n      \t\t\t\t\t<div class=\"timeline-line-inner\"><\/div>\r\n      \t\t\t\t<\/div>\r\n      \t\t\t\t<div class=\"timeline-item\" >\r\n  \t\t\t\t    <div class=\"timeline-item-wrapper \" ><div class=\"timeline-item-date\"><p class=\"item-date\" >2024<\/p><\/div><div class=\"timeline-content\"><h4 class=\"timeline-item-title\" >Realizando sonhos<\/h4><p class=\"timeline-item-description\" >Com 57 anos de s\u00f3lida atua\u00e7\u00e3o no mercado, nossa transpar\u00eancia, credibilidade e expertise t\u00e9cnica s\u00e3o os pilares que sustentam nosso trabalho. Agradecemos a confian\u00e7a de cada cliente que tem feito parte dessa trajet\u00f3ria de sucesso. Estamos preparados para continuar crescendo de forma estrat\u00e9gica, consolidando nossa posi\u00e7\u00e3o entre as maiores e mais confi\u00e1veis empresas do pa\u00eds. O futuro nos reserva ainda mais conquistas, e seguimos comprometidos em entregar excel\u00eancia em tudo o que fazemos.<\/p><\/div><\/div><div class=\"timeline-item-arrow\" ><\/div>\r\n              <div class=\"timeline-item-point\" ><i class=\"iconsmind-People-onCloud\" ><\/i><\/div>\r\n      \t\t\t<\/div><div class=\"timeline-item\" >\r\n  \t\t\t\t    <div class=\"timeline-item-wrapper \" ><div class=\"timeline-item-date\"><p class=\"item-date\" >2023<\/p><\/div><div class=\"timeline-content\"><h4 class=\"timeline-item-title\" >Inova\u00e7\u00e3o Tecnol\u00f3gica e Expans\u00e3o Nacional<\/h4><p class=\"timeline-item-description\" >Em 2023, o cons\u00f3rcio Promove intensificou sua evolu\u00e7\u00e3o tecnol\u00f3gica, promovendo a incorpora\u00e7\u00e3o de novas plataformas digitais para simplificar a gest\u00e3o e melhorar a experi\u00eancia dos consorciados. Al\u00e9m disso, se preparou estrategicamente para o crescimento e consolida\u00e7\u00e3o nacional, firmando novas parcerias comerciais e adotando solu\u00e7\u00f5es inovadoras que ampliam o acesso e otimizam o processo de ades\u00e3o e administra\u00e7\u00e3o dos cons\u00f3rcios.<\/p><\/div><\/div><div class=\"timeline-item-arrow\" ><\/div>\r\n              <div class=\"timeline-item-point\" ><i class=\"iconsmind-Communication-Tower\" ><\/i><\/div>\r\n      \t\t\t<\/div><div class=\"timeline-item\" >\r\n  \t\t\t\t    <div class=\"timeline-item-wrapper \" ><div class=\"timeline-item-date\"><p class=\"item-date\" >2021<\/p><\/div><div class=\"timeline-content\"><h4 class=\"timeline-item-title\" >Marcos de Entregas: 30 Mil Bens<\/h4><p class=\"timeline-item-description\" >Em 2021, o Cons\u00f3rcio Promove atingiu uma marca incr\u00edvel, entregando mais de 30 mil bens aos nossos clientes. Nesse per\u00edodo, crescemos e passamos de uma administradora regional para uma empresa com atua\u00e7\u00e3o nacional.<\/p><\/div><\/div><div class=\"timeline-item-arrow\" ><\/div>\r\n              <div class=\"timeline-item-point\" ><i class=\"iconsmind-Happy\" ><\/i><\/div>\r\n      \t\t\t<\/div><div class=\"timeline-item\" >\r\n  \t\t\t\t    <div class=\"timeline-item-wrapper \" ><div class=\"timeline-item-date\"><p class=\"item-date\" >2008<\/p><\/div><div class=\"timeline-content\"><h4 class=\"timeline-item-title\" >Atualiza\u00e7\u00e3o com a Lei dos Cons\u00f3rcios<\/h4><p class=\"timeline-item-description\" >Em 2008, a promulga\u00e7\u00e3o da Lei dos Cons\u00f3rcios (Lei n\u00ba 11.795) trouxe uma atualiza\u00e7\u00e3o significativa, consolidando e modernizando a regulamenta\u00e7\u00e3o do setor. Esta lei garantiu maior transpar\u00eancia e prote\u00e7\u00e3o aos consorciados, e a Promove continuou a se destacar por sua dedica\u00e7\u00e3o em oferecer solu\u00e7\u00f5es de cons\u00f3rcio seguras e confi\u00e1veis.<\/p><\/div><\/div><div class=\"timeline-item-arrow\" ><\/div>\r\n              <div class=\"timeline-item-point\" ><i class=\"iconsmind-Drag-Up\" ><\/i><\/div>\r\n      \t\t\t<\/div><div class=\"timeline-item\" >\r\n  \t\t\t\t    <div class=\"timeline-item-wrapper \" ><div class=\"timeline-item-date\"><p class=\"item-date\" >1997<\/p><\/div><div class=\"timeline-content\"><h4 class=\"timeline-item-title\" >Um marco em nossa hist\u00f3ria<\/h4><p class=\"timeline-item-description\" >A Promove viveu um momento decisivo em sua trajet\u00f3ria ao mudar-se para a ic\u00f4nica Av. Epit\u00e1cio Pessoa, na Para\u00edba. Esse passo representou mais do que uma simples mudan\u00e7a de endere\u00e7o; foi o in\u00edcio de uma nova era de expans\u00e3o e inova\u00e7\u00e3o. A escolha desse local estrat\u00e9gico impulsionou a empresa para alcan\u00e7ar novos patamares, ampliando significativamente sua base de clientes e consolidando de vez sua presen\u00e7a no competitivo mercado de cons\u00f3rcios<\/p>\n<p>Esse movimento simbolizou o esp\u00edrito vision\u00e1rio da Promove, sempre em busca de crescer e oferecer mais aos seus clientes. Com essa mudan\u00e7a, a empresa reafirmou seu compromisso com a excel\u00eancia, abrindo as portas para um futuro ainda mais promissor, repleto de conquistas e desafios superados.<\/p><\/div><\/div><div class=\"timeline-item-arrow\" ><\/div>\r\n              <div class=\"timeline-item-point\" ><i class=\"iconsmind-Global-Position\" ><\/i><\/div>\r\n      \t\t\t<\/div><div class=\"timeline-item\" >\r\n  \t\t\t\t    <div class=\"timeline-item-wrapper \" ><div class=\"timeline-item-date\"><p class=\"item-date\" >1991<\/p><\/div><div class=\"timeline-content\"><h4 class=\"timeline-item-title\" >Centraliza\u00e7\u00e3o e Seguran\u00e7a no Setor<\/h4><p class=\"timeline-item-description\" >A promulga\u00e7\u00e3o da Lei n\u00ba 8.177, em 1\u00ba de mar\u00e7o de 1991, foi um marco para o setor de cons\u00f3rcios no Brasil. Antes, a regulamenta\u00e7\u00e3o era dispersa, mas a nova lei centralizou a fiscaliza\u00e7\u00e3o sob o Banco Central, que come\u00e7ou a emitir autoriza\u00e7\u00f5es para administradoras e a monitorar o setor com mais rigor. Essa legisla\u00e7\u00e3o elevou os crit\u00e9rios de conformidade e transpar\u00eancia, aumentando a seguran\u00e7a para os consorciados. Empresas como a Promove ajustaram suas pr\u00e1ticas para atender \u00e0s novas exig\u00eancias, refor\u00e7ando a confian\u00e7a no mercado. Com a supervis\u00e3o intensificada, o setor se profissionalizou, oferecendo maior prote\u00e7\u00e3o e consolidando-se como uma alternativa financeira s\u00f3lida e regulamentada.<\/p><\/div><\/div><div class=\"timeline-item-arrow\" ><\/div>\r\n              <div class=\"timeline-item-point\" ><i class=\"iconsmind-Security-Block\" ><\/i><\/div>\r\n      \t\t\t<\/div><div class=\"timeline-item\" >\r\n  \t\t\t\t    <div class=\"timeline-item-wrapper \" ><div class=\"timeline-item-date\"><p class=\"item-date\" >1971<\/p><\/div><div class=\"timeline-content\"><h4 class=\"timeline-item-title\" >Primeira Lei de Regulamenta\u00e7\u00e3o dos Cons\u00f3rcios<\/h4><p class=\"timeline-item-description\" >A primeira lei que surgiu para regular o cons\u00f3rcio foi aprovada em 1971. At\u00e9 ent\u00e3o, a atividade operava de forma n\u00e3o sistem\u00e1tica, baseando-se apenas nas regras do direito civil. A Lei n\u00ba 5.768, de 20 de dezembro de 1971, foi a primeira tutela legal para o setor, sendo regulamentada pelo Decreto n\u00ba 70.951, de 09 de agosto de 1972, o que estabeleceu um marco inicial para a organiza\u00e7\u00e3o e regulamenta\u00e7\u00e3o do setor. Desde o in\u00edcio, a Promove se dedicou a seguir as diretrizes estabelecidas por essas normas, contribuindo para a evolu\u00e7\u00e3o e profissionaliza\u00e7\u00e3o do mercado de cons\u00f3rcios.<\/p><\/div><\/div><div class=\"timeline-item-arrow\" ><\/div>\r\n              <div class=\"timeline-item-point\" ><i class=\"iconsmind-Notepad\" ><\/i><\/div>\r\n      \t\t\t<\/div><div class=\"timeline-item\" >\r\n  \t\t\t\t    <div class=\"timeline-item-wrapper \" ><div class=\"timeline-item-date\"><p class=\"item-date\" >1967<\/p><\/div><div class=\"timeline-content\"><h4 class=\"timeline-item-title\" >Nascimento da Promove e da ABAC<\/h4><p class=\"timeline-item-description\" >Em 20 de fevereiro de 1967, na Para\u00edba, nasceu a Promove, fruto da vis\u00e3o ousada de empreendedores que queriam transformar vidas por meio de uma nova modalidade de constru\u00e7\u00e3o de patrim\u00f4nio. Com coragem e inova\u00e7\u00e3o, esses pioneiros acreditaram que o cons\u00f3rcio seria a chave para ajudar as pessoas a realizarem seus sonhos. A funda\u00e7\u00e3o da Promove marcou o in\u00edcio de uma jornada de supera\u00e7\u00e3o, impulsionando o crescimento e a prosperidade de clientes e colaboradores. Em junho do mesmo ano 1967, foi criada a Associa\u00e7\u00e3o Brasileira de Administradoras de Cons\u00f3rcios (ABAC), fundamental para o fortalecimento do setor no Brasil. A ABAC n\u00e3o apenas representou as administradoras, mas tamb\u00e9m promoveu \u00e9tica, transpar\u00eancia e profissionaliza\u00e7\u00e3o, garantindo uma condu\u00e7\u00e3o respons\u00e1vel dos cons\u00f3rcios. Sua atua\u00e7\u00e3o aumentou a confian\u00e7a dos consumidores, consolidando o cons\u00f3rcio como uma modalidade segura e acess\u00edvel para realizar sonhos e construir patrim\u00f4nio.<\/p><\/div><\/div><div class=\"timeline-item-arrow\" ><\/div>\r\n              <div class=\"timeline-item-point\" ><i class=\"iconsmind-Baby\" ><\/i><\/div>\r\n      \t\t\t<\/div><div class=\"timeline-item\" >\r\n  \t\t\t\t    <div class=\"timeline-item-wrapper \" ><div class=\"timeline-item-date\"><p class=\"item-date\" >1962<\/p><\/div><div class=\"timeline-content\"><h4 class=\"timeline-item-title\" >In\u00edcio do Cons\u00f3rcio no Brasil<\/h4><p class=\"timeline-item-description\" >O sistema de cons\u00f3rcios no Brasil teve seu in\u00edcio em 1962, com a implementa\u00e7\u00e3o de uma modalidade de compra que reunia grupos de pessoas para adquirir bens por meio de sorteios e lances. Embora ainda sem regulamenta\u00e7\u00e3o oficial, esse modelo come\u00e7ou a ganhar popularidade, abrindo caminho para a cria\u00e7\u00e3o de um marco regulat\u00f3rio que seria consolidado nos anos seguintes.<\/p><\/div><\/div><div class=\"timeline-item-arrow\" ><\/div>\r\n              <div class=\"timeline-item-point\" ><i class=\"iconsmind-Start\" ><\/i><\/div>\r\n      \t\t\t<\/div>\r\n      \t\t\t<\/div>[\/vc_column][\/vc_row]<\/p>\n<\/div>","protected":false},"excerpt":{"rendered":"<p>[vc_row css=&#8221;.vc_custom_1516628929938{padding-top: 50px !important;padding-bottom: 100px !important;}&#8221;][vc_column][vc_row_inner css=&#8221;.vc_custom_1516103909934{margin-top: 40px !important;margin-bottom: 60px !important;}&#8221;][vc_column_inner css=&#8221;.vc_custom_1516103868726{padding-right: 0px !important;padding-left: 0px !important;}&#8221;][vc_single_image image=&#8221;6506&#8243; img_size=&#8221;full&#8221; css=&#8221;&#8221;][vc_empty_space][\/vc_column_inner][\/vc_row_inner][vc_row_inner][vc_column_inner width=&#8221;1\/3&#8243;][\/vc_column_inner][vc_column_inner width=&#8221;1\/3&#8243;][\/vc_column_inner][vc_column_inner width=&#8221;1\/3&#8243;][\/vc_column_inner][\/vc_row_inner][vc_empty_space height=&#8221;64px&#8221;][\/vc_column][\/vc_row]<\/p>\n","protected":false},"author":1,"featured_media":6916,"parent":0,"menu_order":0,"comment_status":"closed","ping_status":"closed","template":"","meta":{"footnotes":""},"class_list":["post-6174","page","type-page","status-publish","has-post-thumbnail","hentry"],"_links":{"self":[{"href":"https:\/\/consorciopromove.com.br\/promove\/wp-json\/wp\/v2\/pages\/6174","targetHints":{"allow":["GET"]}}],"collection":[{"href":"https:\/\/consorciopromove.com.br\/promove\/wp-json\/wp\/v2\/pages"}],"about":[{"href":"https:\/\/consorciopromove.com.br\/promove\/wp-json\/wp\/v2\/types\/page"}],"author":[{"embeddable":true,"href":"https:\/\/consorciopromove.com.br\/promove\/wp-json\/wp\/v2\/users\/1"}],"replies":[{"embeddable":true,"href":"https:\/\/consorciopromove.com.br\/promove\/wp-json\/wp\/v2\/comments?post=6174"}],"version-history":[{"count":0,"href":"https:\/\/consorciopromove.com.br\/promove\/wp-json\/wp\/v2\/pages\/6174\/revisions"}],"wp:featuredmedia":[{"embeddable":true,"href":"https:\/\/consorciopromove.com.br\/promove\/wp-json\/"}],"wp:attachment":[{"href":"https:\/\/consorciopromove.com.br\/promove\/wp-json\/wp\/v2\/media?parent=6174"}],"curies":[{"name":"wp","href":"https:\/\/api.w.org\/{rel}","templated":true}]}}