{"id":3302,"date":"2017-12-05T11:27:36","date_gmt":"2017-12-05T11:27:36","guid":{"rendered":"https:\/\/keydesign-themes.com\/leadengine\/?page_id=3302"},"modified":"2025-04-07T22:02:08","modified_gmt":"2025-04-08T01:02:08","slug":"termos-e-condicoes","status":"publish","type":"page","link":"https:\/\/consorciopromove.com.br\/promove\/termos-e-condicoes\/","title":{"rendered":"Termos e condi\u00e7\u00f5es"},"content":{"rendered":"<div class=\"wpb-content-wrapper\"><p>[vc_row][vc_column offset=&#8221;vc_hidden-lg vc_hidden-md&#8221;][vc_empty_space height=&#8221;50px&#8221;][\/vc_column][\/vc_row][vc_row][vc_column width=&#8221;2\/3&#8243; css=&#8221;.vc_custom_1519904242668{padding-right: 25px !important;}&#8221; offset=&#8221;vc_col-lg-8 vc_col-md-12 vc_col-xs-12&#8243;][vc_column_text css=&#8221;&#8221;]<\/p>\n<section id=\"comp-m8t6mzzh\" class=\"xuzjBY comp-m8t6mzzh-container comp-m8t6mzzh wixui-section undefined\" tabindex=\"-1\" data-block-level-container=\"Section\" data-testid=\"section-container\">\n<div id=\"comp-m8t6mzzj6\" class=\"HcOXKn c9GqVL QxJLC3 lq2cno YQcXTT comp-m8t6mzzj6 wixui-rich-text\" data-testid=\"richTextElement\">\n<h1 class=\"font_0 wixui-rich-text__text\">Termos de Servi\u00e7os<\/h1>\n<\/div>\n<\/section>\n<section id=\"comp-m8t6oar3\" class=\"xuzjBY comp-m8t6oar3 wixui-section\" tabindex=\"-1\" data-block-level-container=\"Section\" data-testid=\"section-container\">\n<div id=\"bgLayers_comp-m8t6oar3\" class=\"MW5IWV\" data-hook=\"bgLayers\" data-motion-part=\"BG_LAYER comp-m8t6oar3\">\n<div class=\"LWbAav Kv1aVt\" data-testid=\"colorUnderlay\"><\/div>\n<div id=\"bgMedia_comp-m8t6oar3\" class=\"VgO9Yg\" data-motion-part=\"BG_MEDIA comp-m8t6oar3\"><\/div>\n<\/div>\n<div class=\"comp-m8t6oar3-container\" data-testid=\"responsive-container-content\">\n<div id=\"comp-m8t6oar8\" class=\"rM7ckN YJEKQk comp-m8t6oar8-container comp-m8t6oar8 wixui-box\" role=\"\">\n<div class=\"YAf4Ti InKIFF wixui-box\"><\/div>\n<div id=\"comp-m8t6oara4\" class=\"HcOXKn c9GqVL QxJLC3 lq2cno YQcXTT comp-m8t6oara4 wixui-rich-text\" data-testid=\"richTextElement\">\n<h2 class=\"font_2 wixui-rich-text__text\"><span class=\"wixui-rich-text__text\">1. Termos<\/span><\/h2>\n<\/div>\n<div id=\"comp-m8t6oard\" class=\"HcOXKn c9GqVL QxJLC3 lq2cno YQcXTT comp-m8t6oard wixui-rich-text\" data-testid=\"richTextElement\">\n<p class=\"font_8 wixui-rich-text__text\">Os esclarecimentos e informa\u00e7\u00f5es prestados nesta p\u00e1gina t\u00eam apenas a finalidade geral e pouco espec\u00edfica de como redigir seus pr\u00f3prios documentos de Termos e Condi\u00e7\u00f5es. Voc\u00ea n\u00e3o deve se fiar neste artigo como orienta\u00e7\u00e3o jur\u00eddica ou como recomenda\u00e7\u00f5es sobre o que voc\u00ea deve efetivamente fazer, pois n\u00e3o podemos saber de antem\u00e3o quais s\u00e3o os termos espec\u00edficos que voc\u00ea deseja estipular entre a sua empresa e seus clientes e visitantes. Recomendamos que voc\u00ea busque orienta\u00e7\u00e3o jur\u00eddica se precisar de ajuda para entender e criar seus pr\u00f3prios Termos e Condi\u00e7\u00f5es.<\/p>\n<\/div>\n<div id=\"comp-m8t6oarg\" class=\"HcOXKn c9GqVL QxJLC3 lq2cno YQcXTT comp-m8t6oarg wixui-rich-text\" data-testid=\"richTextElement\">\n<h2 class=\"font_2 wixui-rich-text__text\"><span class=\"wixui-rich-text__text\">2. Uso de Licen\u00e7a<\/span><\/h2>\n<\/div>\n<div id=\"comp-m8t6oari1\" class=\"HcOXKn c9GqVL QxJLC3 lq2cno YQcXTT comp-m8t6oari1 wixui-rich-text\" data-testid=\"richTextElement\">\n<p class=\"font_8 wixui-rich-text__text\">\u00c9 concedida permiss\u00e3o para baixar temporariamente uma c\u00f3pia dos materiais (informa\u00e7\u00f5es ou software) no site Cons\u00f3rcio Promove , apenas para visualiza\u00e7\u00e3o transit\u00f3ria pessoal e n\u00e3o comercial. Esta \u00e9 a concess\u00e3o de uma licen\u00e7a, n\u00e3o uma transfer\u00eancia de t\u00edtulo e, sob esta licen\u00e7a, voc\u00ea n\u00e3o pode:<\/p>\n<ol class=\"font_8 wixui-rich-text__text\">\n<li class=\"wixui-rich-text__text\">\n<p class=\"font_8 wixui-rich-text__text\">modificar ou copiar os materiais;<\/p>\n<\/li>\n<li class=\"wixui-rich-text__text\">\n<p class=\"font_8 wixui-rich-text__text\">usar os materiais para qualquer finalidade comercial ou para exibi\u00e7\u00e3o p\u00fablica (comercial ou n\u00e3o comercial);<\/p>\n<\/li>\n<li class=\"wixui-rich-text__text\">\n<p class=\"font_8 wixui-rich-text__text\">tentar descompilar ou fazer engenharia reversa de qualquer software contido no site Cons\u00f3rcio Promove;<\/p>\n<\/li>\n<li class=\"wixui-rich-text__text\">\n<p class=\"font_8 wixui-rich-text__text\">remover quaisquer direitos autorais ou outras nota\u00e7\u00f5es de propriedade dos materiais; ou<\/p>\n<\/li>\n<li class=\"wixui-rich-text__text\">\n<p class=\"font_8 wixui-rich-text__text\">transferir os materiais para outra pessoa ou &#8216;espelhe&#8217; os materiais em qualquer outro servidor.<\/p>\n<\/li>\n<\/ol>\n<p class=\"font_8 wixui-rich-text__text\">Esta licen\u00e7a ser\u00e1 automaticamente rescindida se voc\u00ea violar alguma dessas restri\u00e7\u00f5es e poder\u00e1 ser rescindida por Cons\u00f3rcio Promove a qualquer momento. Ao encerrar a visualiza\u00e7\u00e3o desses materiais ou ap\u00f3s o t\u00e9rmino desta licen\u00e7a, voc\u00ea deve apagar todos os materiais baixados em sua posse, seja em formato eletr\u00f3nico ou impresso.<\/p>\n<\/div>\n<div id=\"comp-m8t6oark3\" class=\"HcOXKn c9GqVL QxJLC3 lq2cno YQcXTT comp-m8t6oark3 wixui-rich-text\" data-testid=\"richTextElement\">\n<h2 class=\"font_2 wixui-rich-text__text\"><span class=\"wixui-rich-text__text\">3. Isen\u00e7\u00e3o de responsabilidade<\/span><\/h2>\n<\/div>\n<div id=\"comp-m8t6oarm7\" class=\"HcOXKn c9GqVL QxJLC3 lq2cno YQcXTT comp-m8t6oarm7 wixui-rich-text\" data-testid=\"richTextElement\">\n<ol class=\"font_8 wixui-rich-text__text\">\n<li class=\"wixui-rich-text__text\">\n<p class=\"font_8 wixui-rich-text__text\">Os materiais no site da Cons\u00f3rcio Promove s\u00e3o fornecidos &#8216;como est\u00e3o&#8217;. Cons\u00f3rcio Promove n\u00e3o oferece garantias, expressas ou impl\u00edcitas, e, por este meio, isenta e nega todas as outras garantias, incluindo, sem limita\u00e7\u00e3o, garantias impl\u00edcitas ou condi\u00e7\u00f5es de comercializa\u00e7\u00e3o, adequa\u00e7\u00e3o a um fim espec\u00edfico ou n\u00e3o viola\u00e7\u00e3o de propriedade intelectual ou outra viola\u00e7\u00e3o de direitos.<\/p>\n<\/li>\n<li class=\"wixui-rich-text__text\">\n<p class=\"font_8 wixui-rich-text__text\">Al\u00e9m disso, o Cons\u00f3rcio Promove n\u00e3o garante ou faz qualquer representa\u00e7\u00e3o relativa \u00e0 precis\u00e3o, aos resultados prov\u00e1veis \u200b\u200bou \u00e0 confiabilidade do uso dos materiais em seu site ou de outra forma relacionado a esses materiais ou em sites vinculados a este site.<\/p>\n<\/li>\n<\/ol>\n<\/div>\n<div id=\"comp-m8t6wthu\" class=\"HcOXKn c9GqVL QxJLC3 lq2cno YQcXTT comp-m8t6wthu wixui-rich-text\" data-testid=\"richTextElement\">\n<h2 class=\"font_2 wixui-rich-text__text\"><span class=\"wixui-rich-text__text\">4. Limita\u00e7\u00f5es<\/span><\/h2>\n<\/div>\n<div id=\"comp-m8t6wyif\" class=\"HcOXKn c9GqVL QxJLC3 lq2cno YQcXTT comp-m8t6wyif wixui-rich-text\" data-testid=\"richTextElement\">\n<p class=\"font_8 wixui-rich-text__text\">Em nenhum caso o Cons\u00f3rcio Promove ou seus fornecedores ser\u00e3o respons\u00e1veis \u200b\u200bpor quaisquer danos (incluindo, sem limita\u00e7\u00e3o, danos por perda de dados ou lucro ou devido a interrup\u00e7\u00e3o dos neg\u00f3cios) decorrentes do uso ou da incapacidade de usar os materiais em Cons\u00f3rcio Promove, mesmo que Cons\u00f3rcio Promove ou um representante autorizado da Cons\u00f3rcio Promove tenha sido notificado oralmente ou por escrito da possibilidade de tais danos. Como algumas jurisdi\u00e7\u00f5es n\u00e3o permitem limita\u00e7\u00f5es em garantias impl\u00edcitas, ou limita\u00e7\u00f5es de responsabilidade por danos conseq\u00fcentes ou incidentais, essas limita\u00e7\u00f5es podem n\u00e3o se aplicar a voc\u00ea.<\/p>\n<\/div>\n<div id=\"comp-m8t6z2i2\" class=\"HcOXKn c9GqVL QxJLC3 lq2cno YQcXTT comp-m8t6z2i2 wixui-rich-text\" data-testid=\"richTextElement\">\n<h2 class=\"font_2 wixui-rich-text__text\"><span class=\"wixui-rich-text__text\">5. Precis\u00e3o dos materiais<\/span><\/h2>\n<\/div>\n<div id=\"comp-m8t6z78w\" class=\"HcOXKn c9GqVL QxJLC3 lq2cno YQcXTT comp-m8t6z78w wixui-rich-text\" data-testid=\"richTextElement\">\n<p class=\"font_8 wixui-rich-text__text\">Os materiais exibidos no site da Cons\u00f3rcio Promove podem incluir erros t\u00e9cnicos, tipogr\u00e1ficos ou fotogr\u00e1ficos. Cons\u00f3rcio Promove n\u00e3o garante que qualquer material em seu site seja preciso, completo ou atual. Cons\u00f3rcio Promove pode fazer altera\u00e7\u00f5es nos materiais contidos em seu site a qualquer momento, sem aviso pr\u00e9vio. No entanto, Cons\u00f3rcio Promove n\u00e3o se compromete a atualizar os materiais.<\/p>\n<\/div>\n<div id=\"comp-m8t6zm0b\" class=\"HcOXKn c9GqVL QxJLC3 lq2cno YQcXTT comp-m8t6zm0b wixui-rich-text\" data-testid=\"richTextElement\">\n<h2 class=\"font_2 wixui-rich-text__text\"><span class=\"wixui-rich-text__text\">6. Links<\/span><\/h2>\n<\/div>\n<div id=\"comp-m8t6zr0o\" class=\"HcOXKn c9GqVL QxJLC3 lq2cno YQcXTT comp-m8t6zr0o wixui-rich-text\" data-testid=\"richTextElement\">\n<p class=\"font_8 wixui-rich-text__text\">O Cons\u00f3rcio Promove n\u00e3o analisou todos os sites vinculados ao seu site e n\u00e3o \u00e9 respons\u00e1vel pelo conte\u00fado de nenhum site vinculado. A inclus\u00e3o de qualquer link n\u00e3o implica endosso por Cons\u00f3rcio Promove do site. O uso de qualquer site vinculado \u00e9 por conta e risco do usu\u00e1rio.<\/p>\n<p class=\"font_8 wixui-rich-text__text\"><span class=\"wixGuard wixui-rich-text__text\">\u200b<\/span><\/p>\n<h3 class=\"font_3 wixui-rich-text__text\">Modifica\u00e7\u00f5es<\/h3>\n<p class=\"font_8 wixui-rich-text__text\">O Cons\u00f3rcio Promove pode revisar estes termos de servi\u00e7o do site a qualquer momento, sem aviso pr\u00e9vio. Ao usar este site, voc\u00ea concorda em ficar vinculado \u00e0 vers\u00e3o atual desses termos de servi\u00e7o.<\/p>\n<h3 class=\"font_3 wixui-rich-text__text\">Lei aplic\u00e1vel<\/h3>\n<p class=\"font_8 wixui-rich-text__text\">Estes termos e condi\u00e7\u00f5es s\u00e3o regidos e interpretados de acordo com as leis do Cons\u00f3rcio Promove e voc\u00ea se submete irrevogavelmente \u00e0 jurisdi\u00e7\u00e3o exclusiva dos tribunais naquele estado ou localidade.<\/p>\n<\/div>\n<\/div>\n<\/div>\n<\/section>\n<p>[\/vc_column_text][\/vc_column][vc_column width=&#8221;1\/3&#8243; offset=&#8221;vc_col-lg-4 vc_col-md-12 vc_col-xs-12&#8243;][vc_widget_sidebar sidebar_id=&#8221;blog-sidebar&#8221;][\/vc_column][\/vc_row]<\/p>\n<\/div>","protected":false},"excerpt":{"rendered":"<p>[vc_row][vc_column offset=&#8221;vc_hidden-lg vc_hidden-md&#8221;][vc_empty_space height=&#8221;50px&#8221;][\/vc_column][\/vc_row][vc_row][vc_column width=&#8221;2\/3&#8243; css=&#8221;.vc_custom_1519904242668{padding-right: 25px !important;}&#8221; offset=&#8221;vc_col-lg-8 vc_col-md-12 vc_col-xs-12&#8243;][vc_column_text css=&#8221;&#8221;] Termos de Servi\u00e7os 1. Termos Os esclarecimentos e informa\u00e7\u00f5es prestados nesta p\u00e1gina t\u00eam apenas a [&hellip;]<\/p>\n","protected":false},"author":1,"featured_media":6916,"parent":0,"menu_order":0,"comment_status":"closed","ping_status":"closed","template":"","meta":{"footnotes":""},"class_list":["post-3302","page","type-page","status-publish","has-post-thumbnail","hentry"],"_links":{"self":[{"href":"https:\/\/consorciopromove.com.br\/promove\/wp-json\/wp\/v2\/pages\/3302","targetHints":{"allow":["GET"]}}],"collection":[{"href":"https:\/\/consorciopromove.com.br\/promove\/wp-json\/wp\/v2\/pages"}],"about":[{"href":"https:\/\/consorciopromove.com.br\/promove\/wp-json\/wp\/v2\/types\/page"}],"author":[{"embeddable":true,"href":"https:\/\/consorciopromove.com.br\/promove\/wp-json\/wp\/v2\/users\/1"}],"replies":[{"embeddable":true,"href":"https:\/\/consorciopromove.com.br\/promove\/wp-json\/wp\/v2\/comments?post=3302"}],"version-history":[{"count":0,"href":"https:\/\/consorciopromove.com.br\/promove\/wp-json\/wp\/v2\/pages\/3302\/revisions"}],"wp:featuredmedia":[{"embeddable":true,"href":"https:\/\/consorciopromove.com.br\/promove\/wp-json\/"}],"wp:attachment":[{"href":"https:\/\/consorciopromove.com.br\/promove\/wp-json\/wp\/v2\/media?parent=3302"}],"curies":[{"name":"wp","href":"https:\/\/api.w.org\/{rel}","templated":true}]}}