{"id":11948,"date":"2026-05-08T14:34:45","date_gmt":"2026-05-08T17:34:45","guid":{"rendered":"https:\/\/consorciopromove.com.br\/promove\/?page_id=11948"},"modified":"2026-05-08T15:23:57","modified_gmt":"2026-05-08T18:23:57","slug":"contato","status":"publish","type":"page","link":"https:\/\/consorciopromove.com.br\/promove\/contato\/","title":{"rendered":"Contato"},"content":{"rendered":"<div class=\"wpb-content-wrapper\"><p>[vc_row content_placement=&#8221;middle&#8221; css=&#8221;.vc_custom_1765504195283{margin-top: 50px !important;}&#8221;][vc_column width=&#8221;1\/2&#8243;][vc_single_image image=&#8221;11950&#8243; img_size=&#8221;full&#8221; css=&#8221;&#8221;][\/vc_column][vc_column width=&#8221;1\/2&#8243;]<header class=\"kd-section-title col-lg-12 text-left    \" ><h2 class=\"separator_off\" style=\"font-size: 28px;\">Aqui voc\u00ea encontra os canais de contato da Promove!<\/h2><\/header>[vc_column_text css=&#8221;&#8221;]Use os canais abaixo para falar com a Cons\u00f3rcio Promove, nossos especialistas est\u00e3o a disposi\u00e7\u00e3o para poder te atender sempre com as melhores solu\u00e7\u00f5es.[\/vc_column_text][\/vc_column][\/vc_row][vc_row full_width=&#8221;stretch_row&#8221; css=&#8221;.vc_custom_1765509647205{border-top-width: 0px !important;padding-top: 100px !important;padding-bottom: 120px !important;background-color: #FFFFFF !important;background-position: center !important;background-repeat: no-repeat !important;background-size: cover !important;border-color: #e5e7f2 !important;}&#8221;][vc_column][vc_row_inner][vc_column_inner width=&#8221;1\/4&#8243;][\/vc_column_inner][vc_column_inner width=&#8221;1\/2&#8243;][vc_empty_space height=&#8221;25px&#8221;]<header class=\"kd-section-title col-lg-12 text-center    \" ><h3 class=\"separator_off\" style=\"font-size: 28px;\">Escolha o melhor canal para se comunicar conosco.<\/h3><\/header>[\/vc_column_inner][vc_column_inner width=&#8221;1\/4&#8243;][\/vc_column_inner][\/vc_row_inner][vc_row_inner gap=&#8221;10&#8243; css=&#8221;.vc_custom_1765509385195{padding-top: 60px !important;}&#8221;][vc_column_inner width=&#8221;1\/3&#8243;][vc_single_image image=&#8221;11954&#8243; img_size=&#8221;full&#8221; alignment=&#8221;center&#8221; onclick=&#8221;custom_link&#8221; img_link_target=&#8221;_blank&#8221; css=&#8221;&#8221; link=&#8221;https:\/\/wa.me\/5511966097759&#8243;][vc_empty_space height=&#8221;10px&#8221;]<header class=\"kd-section-title col-lg-12 text-center    \" ><h2 class=\"separator_off\" style=\"font-size: 18px;\">WhatsApp<\/h2><\/header>[vc_column_text css=&#8221;&#8221;]<\/p>\n<p style=\"text-align: justify;\">Clique na imagem acima e fale conosco pelo WhatsApp de nosso atentimento ao cliente.<\/p>\n<p>[\/vc_column_text][\/vc_column_inner][vc_column_inner width=&#8221;1\/3&#8243;][vc_empty_space height=&#8221;10px&#8221;][\/vc_column_inner][vc_column_inner width=&#8221;1\/3&#8243;][vc_single_image image=&#8221;11957&#8243; img_size=&#8221;full&#8221; alignment=&#8221;center&#8221; onclick=&#8221;custom_link&#8221; img_link_target=&#8221;_blank&#8221; css=&#8221;&#8221; link=&#8221;mailto:atendimento@promoveconsorcio.com.br&#8221;][vc_empty_space height=&#8221;10px&#8221;]<header class=\"kd-section-title col-lg-12 text-center    \" ><h2 class=\"separator_off\" style=\"font-size: 18px;\">Email<\/h2><\/header>[vc_column_text css=&#8221;&#8221;]<\/p>\n<p style=\"text-align: justify;\">Voc\u00ea pode clicar na imagem acima e enviar um email para nossa equipe de atendimento ao cliente.<\/p>\n<p>[\/vc_column_text][\/vc_column_inner][\/vc_row_inner][\/vc_column][\/vc_row][vc_row full_width=&#8221;stretch_row&#8221; css=&#8221;.vc_custom_1765509115457{margin-top: 15px !important;}&#8221;][vc_column][vc_row_inner css=&#8221;.vc_custom_1516645814693{padding-top: 40px !important;padding-bottom: 60px !important;}&#8221;][vc_column_inner width=&#8221;1\/4&#8243;][\/vc_column_inner][vc_column_inner width=&#8221;1\/2&#8243;][vc_custom_heading text=&#8221;Aproveite agora mesmo, clique no bot\u00e3o abaixo e fa\u00e7a j\u00e1 sua simula\u00e7\u00e3o!&#8221; font_container=&#8221;tag:h3|text_align:center&#8221; use_theme_fonts=&#8221;yes&#8221; css=&#8221;.vc_custom_1744070230845{margin-bottom: 35px !important;}&#8221;]<a  href=\"#popmake-6527\"  target=\"_self\"  title=\"\" class=\"tt_button    button-center  \" ><span class=\"prim_text\">Fazer simula\u00e7\u00e3o.<\/span><span class=\" iconita\"><\/span><\/a>[\/vc_column_inner][vc_column_inner width=&#8221;1\/4&#8243;][\/vc_column_inner][\/vc_row_inner][\/vc_column][\/vc_row]<\/p>\n<\/div>","protected":false},"excerpt":{"rendered":"<p>[vc_row content_placement=&#8221;middle&#8221; css=&#8221;.vc_custom_1765504195283{margin-top: 50px !important;}&#8221;][vc_column width=&#8221;1\/2&#8243;][vc_single_image image=&#8221;11950&#8243; img_size=&#8221;full&#8221; css=&#8221;&#8221;][\/vc_column][vc_column width=&#8221;1\/2&#8243;][vc_column_text css=&#8221;&#8221;]Use os canais abaixo para falar com a Cons\u00f3rcio Promove, nossos especialistas est\u00e3o a disposi\u00e7\u00e3o para poder [&hellip;]<\/p>\n","protected":false},"author":1,"featured_media":0,"parent":0,"menu_order":0,"comment_status":"closed","ping_status":"closed","template":"","meta":{"footnotes":""},"class_list":["post-11948","page","type-page","status-publish","hentry"],"_links":{"self":[{"href":"https:\/\/consorciopromove.com.br\/promove\/wp-json\/wp\/v2\/pages\/11948","targetHints":{"allow":["GET"]}}],"collection":[{"href":"https:\/\/consorciopromove.com.br\/promove\/wp-json\/wp\/v2\/pages"}],"about":[{"href":"https:\/\/consorciopromove.com.br\/promove\/wp-json\/wp\/v2\/types\/page"}],"author":[{"embeddable":true,"href":"https:\/\/consorciopromove.com.br\/promove\/wp-json\/wp\/v2\/users\/1"}],"replies":[{"embeddable":true,"href":"https:\/\/consorciopromove.com.br\/promove\/wp-json\/wp\/v2\/comments?post=11948"}],"version-history":[{"count":10,"href":"https:\/\/consorciopromove.com.br\/promove\/wp-json\/wp\/v2\/pages\/11948\/revisions"}],"predecessor-version":[{"id":11963,"href":"https:\/\/consorciopromove.com.br\/promove\/wp-json\/wp\/v2\/pages\/11948\/revisions\/11963"}],"wp:attachment":[{"href":"https:\/\/consorciopromove.com.br\/promove\/wp-json\/wp\/v2\/media?parent=11948"}],"curies":[{"name":"wp","href":"https:\/\/api.w.org\/{rel}","templated":true}]}}